{"id":561,"date":"2023-04-26T23:47:09","date_gmt":"2023-04-26T23:47:09","guid":{"rendered":"https:\/\/arevalogonzalez.com.mx\/www\/login\/"},"modified":"2023-04-26T23:47:09","modified_gmt":"2023-04-26T23:47:09","slug":"login","status":"publish","type":"page","link":"https:\/\/arevalogonzalez.com.mx\/www\/login\/","title":{"rendered":"Iniciar sesi\u00f3n"},"content":{"rendered":"\n<div class=\"um um-login um-556\">\n\t<div class=\"um-form\">\n\t\t<form method=\"post\" action=\"\" autocomplete=\"off\">\n\t\t\t<div class=\"um-row _um_row_1 \" style=\"margin: 0 0 30px 0;\"><div class=\"um-col-1\"><div  id=\"um_field_556_username\" class=\"um-field um-field-text  um-field-username um-field-text um-field-type_text\" data-key=\"username\"><div class=\"um-field-label\"><label for=\"username-556\">Username or E-mail<\/label><div class=\"um-clear\"><\/div><\/div><div class=\"um-field-area\"><input  autocomplete=\"off\" class=\"um-form-field valid \" type=\"text\" name=\"username-556\" id=\"username-556\" value=\"\" placeholder=\"\" data-validate=\"unique_username_or_email\" data-key=\"username\"  aria-invalid=\"false\" \/>\n\n\t\t\t\t\t\t<\/div><\/div><div  id=\"um_field_556_user_password\" class=\"um-field um-field-password  um-field-user_password um-field-password um-field-type_password\" data-key=\"user_password\"><div class=\"um-field-label\"><label for=\"user_password-556\">Contrase\u00f1a<\/label><div class=\"um-clear\"><\/div><\/div><div class=\"um-field-area\"><input class=\"um-form-field valid \" type=\"password\" name=\"user_password-556\" id=\"user_password-556\" value=\"\" placeholder=\"\" data-validate=\"\" data-key=\"user_password\"  aria-invalid=\"false\" \/>\n\n\t\t\t\t\t\t\t<\/div><\/div><\/div><\/div>\t\t<input type=\"hidden\" name=\"form_id\" id=\"form_id_556\" value=\"556\" \/>\n\t\n\t<p class=\"um_request_name\">\n\t\t<label for=\"um_request_556\">Only fill in if you are not human<\/label>\n\t\t<input type=\"hidden\" name=\"um_request\" id=\"um_request_556\" class=\"input\" value=\"\" size=\"25\" autocomplete=\"off\" \/>\n\t<\/p>\n\n\t<input type=\"hidden\" id=\"_wpnonce\" name=\"_wpnonce\" value=\"ad9276fd97\" \/><input type=\"hidden\" name=\"_wp_http_referer\" value=\"\/www\/wp-json\/wp\/v2\/pages\/561\" \/>\n\t<div class=\"um-col-alt\">\n\n\t\t\n\n\t\t\t<div class=\"um-field um-field-c\">\n\t\t\t\t<div class=\"um-field-area\">\n\t\t\t\t\t<label class=\"um-field-checkbox\">\n\t\t\t\t\t\t<input type=\"checkbox\" name=\"rememberme\" value=\"1\"  \/>\n\t\t\t\t\t\t<span class=\"um-field-checkbox-state\"><i class=\"um-icon-android-checkbox-outline-blank\"><\/i><\/span>\n\t\t\t\t\t\t<span class=\"um-field-checkbox-option\"> Mantenerme conectado<\/span>\n\t\t\t\t\t<\/label>\n\t\t\t\t<\/div>\n\t\t\t<\/div>\n\n\t\t\t\t\t\t<div class=\"um-clear\"><\/div>\n\t\t\n\t\t\t<div class=\"um-center\">\n\t\t\t\t<input type=\"submit\" value=\"Iniciar sesi\u00f3n\" class=\"um-button\" id=\"um-submit-btn\" \/>\n\t\t\t<\/div>\n\n\t\t\n\t\t<div class=\"um-clear\"><\/div>\n\n\t<\/div>\n\n\t\n\t<div class=\"um-col-alt-b\">\n\t\t<a href=\"https:\/\/arevalogonzalez.com.mx\/www\/password-reset\/\" class=\"um-link-alt\">\n\t\t\t\u00bfHas olvidado tu contrase\u00f1a?\t\t<\/a>\n\t<\/div>\n\n\t\t\t<\/form>\n\t<\/div>\n<\/div>\n<style>\n\t\t\t.um-556.um {\n\t\t\tmax-width: 450px;\n\t\t}\n\t\t<\/style>\n\n","protected":false},"excerpt":{"rendered":"","protected":false},"author":1,"featured_media":0,"parent":0,"menu_order":0,"comment_status":"closed","ping_status":"closed","template":"","meta":{"footnotes":""},"class_list":["post-561","page","type-page","status-publish","hentry"],"yoast_head":"<!-- This site is optimized with the Yoast SEO plugin v22.1 - https:\/\/yoast.com\/wordpress\/plugins\/seo\/ -->\n<title>Iniciar sesi\u00f3n - Ar\u00e9valo y Gonz\u00e1lez<\/title>\n<meta name=\"robots\" content=\"index, follow, max-snippet:-1, max-image-preview:large, max-video-preview:-1\" \/>\n<link rel=\"canonical\" href=\"https:\/\/arevalogonzalez.com.mx\/www\/login\/\" \/>\n<meta property=\"og:locale\" content=\"es_ES\" \/>\n<meta property=\"og:type\" content=\"article\" \/>\n<meta property=\"og:title\" content=\"Iniciar sesi\u00f3n - Ar\u00e9valo y Gonz\u00e1lez\" \/>\n<meta property=\"og:url\" content=\"https:\/\/arevalogonzalez.com.mx\/www\/login\/\" \/>\n<meta property=\"og:site_name\" content=\"Ar\u00e9valo y Gonz\u00e1lez\" \/>\n<meta name=\"twitter:card\" content=\"summary_large_image\" \/>\n<script type=\"application\/ld+json\" class=\"yoast-schema-graph\">{\"@context\":\"https:\/\/schema.org\",\"@graph\":[{\"@type\":\"WebPage\",\"@id\":\"https:\/\/arevalogonzalez.com.mx\/www\/login\/\",\"url\":\"https:\/\/arevalogonzalez.com.mx\/www\/login\/\",\"name\":\"Iniciar sesi\u00f3n - Ar\u00e9valo y Gonz\u00e1lez\",\"isPartOf\":{\"@id\":\"https:\/\/arevalogonzalez.com.mx\/www\/#website\"},\"datePublished\":\"2023-04-26T23:47:09+00:00\",\"dateModified\":\"2023-04-26T23:47:09+00:00\",\"breadcrumb\":{\"@id\":\"https:\/\/arevalogonzalez.com.mx\/www\/login\/#breadcrumb\"},\"inLanguage\":\"es\",\"potentialAction\":[{\"@type\":\"ReadAction\",\"target\":[\"https:\/\/arevalogonzalez.com.mx\/www\/login\/\"]}]},{\"@type\":\"BreadcrumbList\",\"@id\":\"https:\/\/arevalogonzalez.com.mx\/www\/login\/#breadcrumb\",\"itemListElement\":[{\"@type\":\"ListItem\",\"position\":1,\"name\":\"Portada\",\"item\":\"https:\/\/arevalogonzalez.com.mx\/www\/\"},{\"@type\":\"ListItem\",\"position\":2,\"name\":\"Iniciar sesi\u00f3n\"}]},{\"@type\":\"WebSite\",\"@id\":\"https:\/\/arevalogonzalez.com.mx\/www\/#website\",\"url\":\"https:\/\/arevalogonzalez.com.mx\/www\/\",\"name\":\"Ar\u00e9valo y Gonz\u00e1lez\",\"description\":\"Consultoria contable\",\"publisher\":{\"@id\":\"https:\/\/arevalogonzalez.com.mx\/www\/#organization\"},\"potentialAction\":[{\"@type\":\"SearchAction\",\"target\":{\"@type\":\"EntryPoint\",\"urlTemplate\":\"https:\/\/arevalogonzalez.com.mx\/www\/?s={search_term_string}\"},\"query-input\":\"required name=search_term_string\"}],\"inLanguage\":\"es\"},{\"@type\":\"Organization\",\"@id\":\"https:\/\/arevalogonzalez.com.mx\/www\/#organization\",\"name\":\"Ar\u00e9valo y Gonz\u00e1lez\",\"url\":\"https:\/\/arevalogonzalez.com.mx\/www\/\",\"logo\":{\"@type\":\"ImageObject\",\"inLanguage\":\"es\",\"@id\":\"https:\/\/arevalogonzalez.com.mx\/www\/#\/schema\/logo\/image\/\",\"url\":\"https:\/\/arevalogonzalez.com.mx\/www\/wp-content\/uploads\/2023\/04\/cropped-Arevalo-Gonzalez_Gallant-logo-2020.jpg\",\"contentUrl\":\"https:\/\/arevalogonzalez.com.mx\/www\/wp-content\/uploads\/2023\/04\/cropped-Arevalo-Gonzalez_Gallant-logo-2020.jpg\",\"width\":1260,\"height\":460,\"caption\":\"Ar\u00e9valo y Gonz\u00e1lez\"},\"image\":{\"@id\":\"https:\/\/arevalogonzalez.com.mx\/www\/#\/schema\/logo\/image\/\"}}]}<\/script>\n<!-- \/ Yoast SEO plugin. -->","yoast_head_json":{"title":"Iniciar sesi\u00f3n - Ar\u00e9valo y Gonz\u00e1lez","robots":{"index":"index","follow":"follow","max-snippet":"max-snippet:-1","max-image-preview":"max-image-preview:large","max-video-preview":"max-video-preview:-1"},"canonical":"https:\/\/arevalogonzalez.com.mx\/www\/login\/","og_locale":"es_ES","og_type":"article","og_title":"Iniciar sesi\u00f3n - Ar\u00e9valo y Gonz\u00e1lez","og_url":"https:\/\/arevalogonzalez.com.mx\/www\/login\/","og_site_name":"Ar\u00e9valo y Gonz\u00e1lez","twitter_card":"summary_large_image","schema":{"@context":"https:\/\/schema.org","@graph":[{"@type":"WebPage","@id":"https:\/\/arevalogonzalez.com.mx\/www\/login\/","url":"https:\/\/arevalogonzalez.com.mx\/www\/login\/","name":"Iniciar sesi\u00f3n - Ar\u00e9valo y Gonz\u00e1lez","isPartOf":{"@id":"https:\/\/arevalogonzalez.com.mx\/www\/#website"},"datePublished":"2023-04-26T23:47:09+00:00","dateModified":"2023-04-26T23:47:09+00:00","breadcrumb":{"@id":"https:\/\/arevalogonzalez.com.mx\/www\/login\/#breadcrumb"},"inLanguage":"es","potentialAction":[{"@type":"ReadAction","target":["https:\/\/arevalogonzalez.com.mx\/www\/login\/"]}]},{"@type":"BreadcrumbList","@id":"https:\/\/arevalogonzalez.com.mx\/www\/login\/#breadcrumb","itemListElement":[{"@type":"ListItem","position":1,"name":"Portada","item":"https:\/\/arevalogonzalez.com.mx\/www\/"},{"@type":"ListItem","position":2,"name":"Iniciar sesi\u00f3n"}]},{"@type":"WebSite","@id":"https:\/\/arevalogonzalez.com.mx\/www\/#website","url":"https:\/\/arevalogonzalez.com.mx\/www\/","name":"Ar\u00e9valo y Gonz\u00e1lez","description":"Consultoria contable","publisher":{"@id":"https:\/\/arevalogonzalez.com.mx\/www\/#organization"},"potentialAction":[{"@type":"SearchAction","target":{"@type":"EntryPoint","urlTemplate":"https:\/\/arevalogonzalez.com.mx\/www\/?s={search_term_string}"},"query-input":"required name=search_term_string"}],"inLanguage":"es"},{"@type":"Organization","@id":"https:\/\/arevalogonzalez.com.mx\/www\/#organization","name":"Ar\u00e9valo y Gonz\u00e1lez","url":"https:\/\/arevalogonzalez.com.mx\/www\/","logo":{"@type":"ImageObject","inLanguage":"es","@id":"https:\/\/arevalogonzalez.com.mx\/www\/#\/schema\/logo\/image\/","url":"https:\/\/arevalogonzalez.com.mx\/www\/wp-content\/uploads\/2023\/04\/cropped-Arevalo-Gonzalez_Gallant-logo-2020.jpg","contentUrl":"https:\/\/arevalogonzalez.com.mx\/www\/wp-content\/uploads\/2023\/04\/cropped-Arevalo-Gonzalez_Gallant-logo-2020.jpg","width":1260,"height":460,"caption":"Ar\u00e9valo y Gonz\u00e1lez"},"image":{"@id":"https:\/\/arevalogonzalez.com.mx\/www\/#\/schema\/logo\/image\/"}}]}},"_links":{"self":[{"href":"https:\/\/arevalogonzalez.com.mx\/www\/wp-json\/wp\/v2\/pages\/561","targetHints":{"allow":["GET"]}}],"collection":[{"href":"https:\/\/arevalogonzalez.com.mx\/www\/wp-json\/wp\/v2\/pages"}],"about":[{"href":"https:\/\/arevalogonzalez.com.mx\/www\/wp-json\/wp\/v2\/types\/page"}],"author":[{"embeddable":true,"href":"https:\/\/arevalogonzalez.com.mx\/www\/wp-json\/wp\/v2\/users\/1"}],"replies":[{"embeddable":true,"href":"https:\/\/arevalogonzalez.com.mx\/www\/wp-json\/wp\/v2\/comments?post=561"}],"version-history":[{"count":0,"href":"https:\/\/arevalogonzalez.com.mx\/www\/wp-json\/wp\/v2\/pages\/561\/revisions"}],"wp:attachment":[{"href":"https:\/\/arevalogonzalez.com.mx\/www\/wp-json\/wp\/v2\/media?parent=561"}],"curies":[{"name":"wp","href":"https:\/\/api.w.org\/{rel}","templated":true}]}}